{"id":15721,"date":"2025-12-08T08:38:18","date_gmt":"2025-12-08T08:38:18","guid":{"rendered":"https:\/\/progression-dole.ch\/allgemeine-geschaeftsbedingungen\/"},"modified":"2026-03-09T15:35:16","modified_gmt":"2026-03-09T15:35:16","slug":"allgemeine-geschaeftsbedingungen","status":"publish","type":"page","link":"https:\/\/progression-dole.ch\/de\/allgemeine-geschaeftsbedingungen\/","title":{"rendered":"Allgemeine Gesch\u00e4ftsbedingungen"},"content":{"rendered":"\t\t<div data-elementor-type=\"wp-page\" data-elementor-id=\"15721\" class=\"elementor elementor-15721 elementor-14052\" data-elementor-post-type=\"page\">\n\t\t\t\t<div class=\"elementor-element elementor-element-0d93cfb e-flex e-con-boxed e-con e-parent\" data-id=\"0d93cfb\" data-element_type=\"container\" data-e-type=\"container\" data-settings=\"{&quot;background_background&quot;:&quot;classic&quot;,&quot;background_motion_fx_motion_fx_scrolling&quot;:&quot;yes&quot;,&quot;background_motion_fx_translateX_effect&quot;:&quot;yes&quot;,&quot;background_motion_fx_translateX_speed&quot;:{&quot;unit&quot;:&quot;px&quot;,&quot;size&quot;:1,&quot;sizes&quot;:[]},&quot;background_motion_fx_translateX_affectedRange&quot;:{&quot;unit&quot;:&quot;%&quot;,&quot;size&quot;:&quot;&quot;,&quot;sizes&quot;:{&quot;start&quot;:0,&quot;end&quot;:100}},&quot;background_motion_fx_devices&quot;:[&quot;desktop&quot;,&quot;laptop&quot;,&quot;tablet&quot;,&quot;mobile&quot;]}\">\n\t\t\t\t\t<div class=\"e-con-inner\">\n\t\t\t\t<div class=\"elementor-element elementor-element-ef66455 elementor-widget elementor-widget-heading\" data-id=\"ef66455\" data-element_type=\"widget\" data-e-type=\"widget\" data-widget_type=\"heading.default\">\n\t\t\t\t<div class=\"elementor-widget-container\">\n\t\t\t\t\t<div class=\"elementor-heading-title elementor-size-default\">Schweizer Kletterschule<\/div>\t\t\t\t<\/div>\n\t\t\t\t<\/div>\n\t\t\t\t\t<\/div>\n\t\t\t\t<\/div>\n\t\t<div class=\"elementor-element elementor-element-5ed02a12 e-flex e-con-boxed e-con e-parent\" data-id=\"5ed02a12\" data-element_type=\"container\" data-e-type=\"container\">\n\t\t\t\t\t<div class=\"e-con-inner\">\n\t\t\t\t<div class=\"elementor-element elementor-element-f086eff elementor-widget elementor-widget-text-editor\" data-id=\"f086eff\" data-element_type=\"widget\" data-e-type=\"widget\" data-widget_type=\"text-editor.default\">\n\t\t\t\t<div class=\"elementor-widget-container\">\n\t\t\t\t\t\t\t\t\t<p>Allgemeine Gesch\u00e4ftsbedingungen der Schweizer Kletterschule La D\u00f4le (im Folgenden ESED genannt):<\/p><p>Die Anmeldung zu Aktivit\u00e4ten, Camps oder Leistungen der ESED setzt die Annahme dieser Allgemeinen Gesch\u00e4ftsbedingungen voraus.<\/p><ol><li>Alle Angaben erfolgen unter Vorbehalt von \u00c4nderungen aufgrund von Wetterbedingungen, Schneeverh\u00e4ltnissen und der \u00d6ffnung der Bergbahnen.<\/li><li>Anbieter<\/li><\/ol><p>Alle Instruktoren der ESED haben eine von Jugend und Sport anerkannte Ausbildung oder eine vom Schweizer Bergf\u00fchrerverband (SBV) anerkannte Bergf\u00fchrerausbildung absolviert.<\/p><ol start=\"3\"><li>Die ESED lehnt jede Haftung im Falle eines Unfalls ab. Jeder Teilnehmer muss \u00fcber eine eigene Unfallversicherung verf\u00fcgen. Im Falle eines Unfalls erm\u00e4chtigen die Teilnehmer oder ihre gesetzlichen Vertreter die Instruktoren, Kursleiter oder andere Verantwortliche, alle in ihrem Interesse liegenden Ma\u00dfnahmen zu ergreifen und bei Bedarf medizinische Notdienste in Anspruch zu nehmen. Die damit verbundenen Kosten gehen zu Lasten der Teilnehmer.   <\/li><\/ol><p>Personen, die an Aktivit\u00e4ten, Camps oder Leistungen der ESED teilnehmen, sind nicht durch die Versicherung der Schule abgedeckt. Jeder Teilnehmer muss sich selbst gegen die mit dieser Art von sportlicher Aktivit\u00e4t verbundenen Risiken versichern. Die Aus\u00fcbung von Bergsport ist eine Risikosportart. Die REGA-Versicherung deckt Such-, Rettungs- und R\u00fcckf\u00fchrungskosten. Sie ist f\u00fcr die Teilnahme an unseren Aktivit\u00e4ten obligatorisch.    <\/p><ol start=\"4\"><li>Preise<\/li><\/ol><p>Die Preise der ESED sind auf unserer Website, in den Buchungsbest\u00e4tigungen sowie auf den verschiedenen Werbematerialien der Schule ersichtlich.<\/p><p>Die angegebenen Preise beinhalten die Betreuungs- und Unterrichtsleistung durch die Instruktoren der ESED und schlie\u00dfen alle anderen Leistungen aus (Versicherung, Bergbahnticket, Material, Transport und Verpflegung, sofern nicht anders angegeben).<\/p><ol start=\"5\"><li>Zahlung<\/li><\/ol><p>Die Kurse werden bei der Buchung bezahlt.<\/p><p>Sie haben die M\u00f6glichkeit, Ihren Kurs mit den folgenden Zahlungsmitteln zu bezahlen:<\/p><p>-&gt; Per Bank\u00fcberweisung (IBAN)<\/p><p>-&gt; Kreditkarte Visa, Mastercard, Maestro, \u00fcber einen MyPos-Link<\/p><p>-&gt; TWINT<\/p><p>-&gt; Barzahlung, wenn die vorherigen Zahlungsmittel nicht m\u00f6glich sind<\/p><ol start=\"6\"><li>Spezifische Bedingungen f\u00fcr Camps<\/li><\/ol><p>-&gt; Camps haben spezifische, erg\u00e4nzende Allgemeine Gesch\u00e4ftsbedingungen, insbesondere Stornierungsbedingungen.<\/p><p>-&gt; Camps werden grunds\u00e4tzlich auf Franz\u00f6sisch und\/oder Englisch angeboten, soweit dies m\u00f6glich ist.<\/p><p>-&gt; Camps finden bei jedem Wetter statt. Unterbrochene Camps werden nicht erstattet. <\/p><ol start=\"7\"><li>Stornierung oder Unterbrechung von Aktivit\u00e4ten durch den Kunden<\/li><\/ol><p>Jede Aktivit\u00e4tsbuchung kann vor Beginn der Aktivit\u00e4t unter den folgenden Bedingungen storniert oder ge\u00e4ndert werden:<\/p><ul><li>Stornierung 60 bis 31 Tage vor Aktivit\u00e4tsbeginn: 20 % des f\u00e4lligen Betrags<\/li><li>Stornierung 30 bis 15 Tage vor Aktivit\u00e4tsbeginn: 50 % des f\u00e4lligen Betrags<\/li><li>Stornierung mindestens 14 Tage vor Aktivit\u00e4tsbeginn: 100 % des f\u00e4lligen Betrags<\/li><\/ul><p>Spezifische Bedingungen f\u00fcr Firmenausfl\u00fcge: Anzahlungen (50 % bis 100 %) werden vor Firmenausfl\u00fcgen verlangt und im Falle einer Stornierung oder eines R\u00fccktritts der Teilnehmer, unabh\u00e4ngig vom Zeitpunkt, einbehalten.<\/p><p>Camps haben spezifische Stornierungs- oder Unterbrechungsbedingungen, die diese Allgemeinen Gesch\u00e4ftsbedingungen erg\u00e4nzen.<\/p><p>Jede vom Kunden aus irgendeinem Grund (einschlie\u00dflich Krankheit) nicht in Anspruch genommene Leistung kann nicht erstattet werden. Die ESED kann in keinem Fall f\u00fcr Umst\u00e4nde h\u00f6herer Gewalt, Zufall oder Handlungen Dritter verantwortlich gemacht werden. <\/p><p>Die Buchung kann vom Kunden nicht storniert werden, wenn der angefragte Instruktor verletzt oder krank ist. Die ESED verpflichtet sich, ihn im Rahmen ihrer M\u00f6glichkeiten zu ersetzen. <\/p><p>Unterbrechungen des Betriebs der Bergbahnen rechtfertigen weder eine Erm\u00e4\u00dfigung noch Schadenersatz, wenn sie nicht auf einen Willensakt der ESED zur\u00fcckzuf\u00fchren sind. Die ESED kann in diesem Fall in keinem Fall haftbar gemacht werden und nimmt im Falle einer Stornierung keine R\u00fcckerstattung vor. <\/p><p>Es wird empfohlen, eine Annullationsversicherung abzuschlie\u00dfen. Schlie\u00dfen Sie diese direkt bei einem Versicherer ab. <\/p><ol start=\"8\"><li>Recht am eigenen Bild<\/li><\/ol><p>Der Kunde erteilt der ESED die Genehmigung, die w\u00e4hrend der Aktivit\u00e4ten aufgenommenen Fotos und Videos zu ver\u00f6ffentlichen, auszustellen oder zu verbreiten.<\/p><p>Diese Genehmigung gilt f\u00fcr jede Nutzung (Ver\u00f6ffentlichungen, Website&#8230;)<\/p><p>Wenn Sie Ihre Genehmigung nicht erteilen m\u00f6chten, bitten wir Sie, uns dies mitzuteilen.<\/p><ol start=\"9\"><li>Konflikte<\/li><\/ol><p>Die Parteien werden sich bem\u00fchen, eventuelle Schwierigkeiten, die bei der Ausf\u00fchrung des Vertrages auftreten k\u00f6nnen, g\u00fctlich zu l\u00f6sen. Sollte keine g\u00fctliche Einigung erzielt werden k\u00f6nnen, ist ausschlie\u00dflich Schweizer Recht anwendbar. <\/p><ol start=\"10\"><li>Datenschutzbestimmungen<\/li><\/ol><p>10.1 Die ESED verpflichtet sich, einen qualitativ hochwertigen und sicheren Service f\u00fcr ihre Kunden aufrechtzuerhalten und die Anforderungen der DSGVO zu erf\u00fcllen.<\/p><p>Datenschutz ist Vertrauenssache, und dieses Vertrauen ist uns wichtig. Wir respektieren Ihre Person und Ihre Privatsph\u00e4re. Ebenso bem\u00fchen wir uns, den Schutz Ihrer pers\u00f6nlichen Daten und deren gesetzeskonforme Verarbeitung zu gew\u00e4hrleisten.  <\/p><p>10.2 Die erhobenen personenbezogenen Daten sind begrenzt. Es handelt sich ausschlie\u00dflich um jene, die Sie uns bei einer Buchung selbst zur Verf\u00fcgung stellen und die f\u00fcr das reibungslose Funktionieren unserer Organisation notwendig sind. <\/p><p>10.3 Ihre pers\u00f6nlichen Informationen werden ausschlie\u00dflich f\u00fcr interne Zwecke verwendet und in keinem Fall an Dritte verkauft.<\/p><p>Sie m\u00fcssen sich jedoch bewusst sein, dass die \u00dcbermittlung von Informationen \u00fcber das Internet und andere elektronische Medien gewisse Sicherheitsrisiken birgt. Wir k\u00f6nnen keine Garantie f\u00fcr die Sicherheit der \u00fcber diese Kan\u00e4le \u00fcbermittelten Informationen \u00fcbernehmen. <\/p><p>10.4 Mit Ihrer Anmeldung bei der ESED kann Ihre E-Mail-Adresse verwendet werden, um Ihnen gezielte Informationen wie Newsletter zuzusenden. Sie haben jederzeit das Recht, sich \u00fcber den Link am Ende der E-Mail oder durch Kontaktaufnahme mit der ESED abzumelden. <\/p><p>ESED<\/p><p>Schweizer Kletterschule La D\u00f4le<\/p><p>Postfach 252 La Bouriaz 1265 La Cure &#8211; Schweiz<\/p><p><\/p>\t\t\t\t\t\t\t\t<\/div>\n\t\t\t\t<\/div>\n\t\t\t\t\t<\/div>\n\t\t\t\t<\/div>\n\t\t\t\t<\/div>\n\t\t","protected":false},"excerpt":{"rendered":"<p>Schweizer Kletterschule Allgemeine Gesch\u00e4ftsbedingungen der Schweizer Kletterschule La D\u00f4le (im Folgenden ESED genannt): Die Anmeldung zu Aktivit\u00e4ten, Camps oder Leistungen der ESED setzt die Annahme dieser Allgemeinen Gesch\u00e4ftsbedingungen voraus. Alle Angaben erfolgen unter Vorbehalt von \u00c4nderungen aufgrund von Wetterbedingungen, Schneeverh\u00e4ltnissen und der \u00d6ffnung der Bergbahnen. Anbieter Alle Instruktoren der ESED haben eine von Jugend und [&hellip;]<\/p>\n","protected":false},"author":1,"featured_media":0,"parent":0,"menu_order":0,"comment_status":"closed","ping_status":"closed","template":"","meta":{"_acf_changed":false,"footnotes":""},"class_list":["post-15721","page","type-page","status-publish","hentry"],"acf":[],"yoast_head":"<!-- This site is optimized with the Yoast SEO plugin v27.3 - https:\/\/yoast.com\/product\/yoast-seo-wordpress\/ -->\n<title>Allgemeine Gesch\u00e4ftsbedingungen | Progression Dole<\/title>\n<meta name=\"description\" content=\"Informiere dich \u00fcber die Allgemeinen Gesch\u00e4ftsbedingungen von Progression D\u00f4le f\u00fcr unsere Ferienlager, Schulungen und Outdoor-Aktivit\u00e4ten.\" \/>\n<meta name=\"robots\" content=\"index, follow, max-snippet:-1, max-image-preview:large, max-video-preview:-1\" \/>\n<link rel=\"canonical\" href=\"https:\/\/progression-dole.ch\/de\/allgemeine-geschaeftsbedingungen\/\" \/>\n<meta property=\"og:locale\" content=\"de_DE\" \/>\n<meta property=\"og:type\" content=\"article\" \/>\n<meta property=\"og:title\" content=\"Allgemeine Gesch\u00e4ftsbedingungen | Progression Dole\" \/>\n<meta property=\"og:description\" content=\"Informiere dich \u00fcber die Allgemeinen Gesch\u00e4ftsbedingungen von Progression D\u00f4le f\u00fcr unsere Ferienlager, Schulungen und Outdoor-Aktivit\u00e4ten.\" \/>\n<meta property=\"og:url\" content=\"https:\/\/progression-dole.ch\/de\/allgemeine-geschaeftsbedingungen\/\" \/>\n<meta property=\"og:site_name\" content=\"Progression Dole\" \/>\n<meta property=\"article:publisher\" content=\"https:\/\/www.facebook.com\/guideslacote\" \/>\n<meta property=\"article:modified_time\" content=\"2026-03-09T15:35:16+00:00\" \/>\n<meta property=\"og:image\" content=\"https:\/\/progression-dole.ch\/wp-content\/uploads\/2025\/09\/logo.jpg\" \/>\n\t<meta property=\"og:image:width\" content=\"900\" \/>\n\t<meta property=\"og:image:height\" content=\"900\" \/>\n\t<meta property=\"og:image:type\" content=\"image\/jpeg\" \/>\n<meta name=\"twitter:card\" content=\"summary_large_image\" \/>\n<meta name=\"twitter:label1\" content=\"Gesch\u00e4tzte Lesezeit\" \/>\n\t<meta name=\"twitter:data1\" content=\"4\u00a0Minute\" \/>\n<script type=\"application\/ld+json\" class=\"yoast-schema-graph\">{\"@context\":\"https:\\\/\\\/schema.org\",\"@graph\":[{\"@type\":\"WebPage\",\"@id\":\"https:\\\/\\\/progression-dole.ch\\\/de\\\/allgemeine-geschaeftsbedingungen\\\/\",\"url\":\"https:\\\/\\\/progression-dole.ch\\\/de\\\/allgemeine-geschaeftsbedingungen\\\/\",\"name\":\"Allgemeine Gesch\u00e4ftsbedingungen | Progression Dole\",\"isPartOf\":{\"@id\":\"https:\\\/\\\/progression-dole.ch\\\/de\\\/#website\"},\"datePublished\":\"2025-12-08T08:38:18+00:00\",\"dateModified\":\"2026-03-09T15:35:16+00:00\",\"description\":\"Informiere dich \u00fcber die Allgemeinen Gesch\u00e4ftsbedingungen von Progression D\u00f4le f\u00fcr unsere Ferienlager, Schulungen und Outdoor-Aktivit\u00e4ten.\",\"breadcrumb\":{\"@id\":\"https:\\\/\\\/progression-dole.ch\\\/de\\\/allgemeine-geschaeftsbedingungen\\\/#breadcrumb\"},\"inLanguage\":\"de\",\"potentialAction\":[{\"@type\":\"ReadAction\",\"target\":[\"https:\\\/\\\/progression-dole.ch\\\/de\\\/allgemeine-geschaeftsbedingungen\\\/\"]}]},{\"@type\":\"BreadcrumbList\",\"@id\":\"https:\\\/\\\/progression-dole.ch\\\/de\\\/allgemeine-geschaeftsbedingungen\\\/#breadcrumb\",\"itemListElement\":[{\"@type\":\"ListItem\",\"position\":1,\"name\":\"Home\",\"item\":\"https:\\\/\\\/progression-dole.ch\\\/de\\\/startseite\\\/\"},{\"@type\":\"ListItem\",\"position\":2,\"name\":\"Allgemeine Gesch\u00e4ftsbedingungen\"}]},{\"@type\":\"WebSite\",\"@id\":\"https:\\\/\\\/progression-dole.ch\\\/de\\\/#website\",\"url\":\"https:\\\/\\\/progression-dole.ch\\\/de\\\/\",\"name\":\"Ecole suisse d\u2019escalade\",\"description\":\"\",\"potentialAction\":[{\"@type\":\"SearchAction\",\"target\":{\"@type\":\"EntryPoint\",\"urlTemplate\":\"https:\\\/\\\/progression-dole.ch\\\/de\\\/?s={search_term_string}\"},\"query-input\":{\"@type\":\"PropertyValueSpecification\",\"valueRequired\":true,\"valueName\":\"search_term_string\"}}],\"inLanguage\":\"de\"}]}<\/script>\n<!-- \/ Yoast SEO plugin. -->","yoast_head_json":{"title":"Allgemeine Gesch\u00e4ftsbedingungen | Progression Dole","description":"Informiere dich \u00fcber die Allgemeinen Gesch\u00e4ftsbedingungen von Progression D\u00f4le f\u00fcr unsere Ferienlager, Schulungen und Outdoor-Aktivit\u00e4ten.","robots":{"index":"index","follow":"follow","max-snippet":"max-snippet:-1","max-image-preview":"max-image-preview:large","max-video-preview":"max-video-preview:-1"},"canonical":"https:\/\/progression-dole.ch\/de\/allgemeine-geschaeftsbedingungen\/","og_locale":"de_DE","og_type":"article","og_title":"Allgemeine Gesch\u00e4ftsbedingungen | Progression Dole","og_description":"Informiere dich \u00fcber die Allgemeinen Gesch\u00e4ftsbedingungen von Progression D\u00f4le f\u00fcr unsere Ferienlager, Schulungen und Outdoor-Aktivit\u00e4ten.","og_url":"https:\/\/progression-dole.ch\/de\/allgemeine-geschaeftsbedingungen\/","og_site_name":"Progression Dole","article_publisher":"https:\/\/www.facebook.com\/guideslacote","article_modified_time":"2026-03-09T15:35:16+00:00","og_image":[{"width":900,"height":900,"url":"https:\/\/progression-dole.ch\/wp-content\/uploads\/2025\/09\/logo.jpg","type":"image\/jpeg"}],"twitter_card":"summary_large_image","twitter_misc":{"Gesch\u00e4tzte Lesezeit":"4\u00a0Minute"},"schema":{"@context":"https:\/\/schema.org","@graph":[{"@type":"WebPage","@id":"https:\/\/progression-dole.ch\/de\/allgemeine-geschaeftsbedingungen\/","url":"https:\/\/progression-dole.ch\/de\/allgemeine-geschaeftsbedingungen\/","name":"Allgemeine Gesch\u00e4ftsbedingungen | Progression Dole","isPartOf":{"@id":"https:\/\/progression-dole.ch\/de\/#website"},"datePublished":"2025-12-08T08:38:18+00:00","dateModified":"2026-03-09T15:35:16+00:00","description":"Informiere dich \u00fcber die Allgemeinen Gesch\u00e4ftsbedingungen von Progression D\u00f4le f\u00fcr unsere Ferienlager, Schulungen und Outdoor-Aktivit\u00e4ten.","breadcrumb":{"@id":"https:\/\/progression-dole.ch\/de\/allgemeine-geschaeftsbedingungen\/#breadcrumb"},"inLanguage":"de","potentialAction":[{"@type":"ReadAction","target":["https:\/\/progression-dole.ch\/de\/allgemeine-geschaeftsbedingungen\/"]}]},{"@type":"BreadcrumbList","@id":"https:\/\/progression-dole.ch\/de\/allgemeine-geschaeftsbedingungen\/#breadcrumb","itemListElement":[{"@type":"ListItem","position":1,"name":"Home","item":"https:\/\/progression-dole.ch\/de\/startseite\/"},{"@type":"ListItem","position":2,"name":"Allgemeine Gesch\u00e4ftsbedingungen"}]},{"@type":"WebSite","@id":"https:\/\/progression-dole.ch\/de\/#website","url":"https:\/\/progression-dole.ch\/de\/","name":"Ecole suisse d\u2019escalade","description":"","potentialAction":[{"@type":"SearchAction","target":{"@type":"EntryPoint","urlTemplate":"https:\/\/progression-dole.ch\/de\/?s={search_term_string}"},"query-input":{"@type":"PropertyValueSpecification","valueRequired":true,"valueName":"search_term_string"}}],"inLanguage":"de"}]}},"_links":{"self":[{"href":"https:\/\/progression-dole.ch\/de\/wp-json\/wp\/v2\/pages\/15721","targetHints":{"allow":["GET"]}}],"collection":[{"href":"https:\/\/progression-dole.ch\/de\/wp-json\/wp\/v2\/pages"}],"about":[{"href":"https:\/\/progression-dole.ch\/de\/wp-json\/wp\/v2\/types\/page"}],"author":[{"embeddable":true,"href":"https:\/\/progression-dole.ch\/de\/wp-json\/wp\/v2\/users\/1"}],"replies":[{"embeddable":true,"href":"https:\/\/progression-dole.ch\/de\/wp-json\/wp\/v2\/comments?post=15721"}],"version-history":[{"count":2,"href":"https:\/\/progression-dole.ch\/de\/wp-json\/wp\/v2\/pages\/15721\/revisions"}],"predecessor-version":[{"id":40762,"href":"https:\/\/progression-dole.ch\/de\/wp-json\/wp\/v2\/pages\/15721\/revisions\/40762"}],"wp:attachment":[{"href":"https:\/\/progression-dole.ch\/de\/wp-json\/wp\/v2\/media?parent=15721"}],"curies":[{"name":"wp","href":"https:\/\/api.w.org\/{rel}","templated":true}]}}