{"id":15691,"date":"2025-12-08T08:39:51","date_gmt":"2025-12-08T08:39:51","guid":{"rendered":"https:\/\/progression-dole.ch\/impressum\/"},"modified":"2026-03-09T17:00:57","modified_gmt":"2026-03-09T17:00:57","slug":"impressum","status":"publish","type":"page","link":"https:\/\/progression-dole.ch\/de\/impressum\/","title":{"rendered":"Impressum"},"content":{"rendered":"\t\t<div data-elementor-type=\"wp-page\" data-elementor-id=\"15691\" class=\"elementor elementor-15691 elementor-14054\" data-elementor-post-type=\"page\">\n\t\t\t\t<div class=\"elementor-element elementor-element-2f0d5f3 e-flex e-con-boxed e-con e-parent\" data-id=\"2f0d5f3\" data-element_type=\"container\" data-e-type=\"container\" data-settings=\"{&quot;background_background&quot;:&quot;classic&quot;,&quot;background_motion_fx_motion_fx_scrolling&quot;:&quot;yes&quot;,&quot;background_motion_fx_translateX_effect&quot;:&quot;yes&quot;,&quot;background_motion_fx_translateX_speed&quot;:{&quot;unit&quot;:&quot;px&quot;,&quot;size&quot;:1,&quot;sizes&quot;:[]},&quot;background_motion_fx_translateX_affectedRange&quot;:{&quot;unit&quot;:&quot;%&quot;,&quot;size&quot;:&quot;&quot;,&quot;sizes&quot;:{&quot;start&quot;:0,&quot;end&quot;:100}},&quot;background_motion_fx_devices&quot;:[&quot;desktop&quot;,&quot;laptop&quot;,&quot;tablet&quot;,&quot;mobile&quot;]}\">\n\t\t\t\t\t<div class=\"e-con-inner\">\n\t\t\t\t<div class=\"elementor-element elementor-element-dfd4e87 elementor-widget elementor-widget-heading\" data-id=\"dfd4e87\" data-element_type=\"widget\" data-e-type=\"widget\" data-widget_type=\"heading.default\">\n\t\t\t\t<div class=\"elementor-widget-container\">\n\t\t\t\t\t<div class=\"elementor-heading-title elementor-size-default\">Schweizer Kletterschule<\/div>\t\t\t\t<\/div>\n\t\t\t\t<\/div>\n\t\t\t\t\t<\/div>\n\t\t\t\t<\/div>\n\t\t<div class=\"elementor-element elementor-element-4f6c729b e-flex e-con-boxed e-con e-parent\" data-id=\"4f6c729b\" data-element_type=\"container\" data-e-type=\"container\">\n\t\t\t\t\t<div class=\"e-con-inner\">\n\t\t\t\t<div class=\"elementor-element elementor-element-691a4e3a elementor-widget elementor-widget-text-editor\" data-id=\"691a4e3a\" data-element_type=\"widget\" data-e-type=\"widget\" data-widget_type=\"text-editor.default\">\n\t\t\t\t<div class=\"elementor-widget-container\">\n\t\t\t\t\t\t\t\t\t<p>Impressum Schweizer Kletterschule La D\u00f4le<\/p><ol><li>VORSTELLUNG DER WEBSITE<\/li><\/ol><p>Den Nutzern der Website <a href=\"http:\/\/www.progression-dole.ch\">www.progression-dole.ch<\/a> wird die Identit\u00e4t der verschiedenen an ihrer Erstellung und Betreuung beteiligten Parteien mitgeteilt:<\/p><p>Inhaber:<\/p><p>Schweizer Kletterschule La D\u00f4le<\/p><p>Postfach 252 La Bouriaz<\/p><p>1265 La Cure<\/p><p>Schweiz<\/p><p>Tel.: +41 (0)22 360 02 60<\/p><p><a href=\"mailto:info@progression-dole.ch\">info@progression-dole.ch<\/a><\/p><p>Ersteller: Flash Design<\/p><p>Hoster: Swiss Center<\/p><ol start=\"2\"><li>ALLGEMEINE NUTZUNGSBEDINGUNGEN DER WEBSITE UND DER ANGEBOTENEN DIENSTE<\/li><\/ol><p>Die Nutzung der Website <a href=\"http:\/\/www.progression-dole.ch\">www.progression-dole.ch<\/a> setzt die vollst\u00e4ndige und uneingeschr\u00e4nkte Annahme der nachstehend beschriebenen allgemeinen Nutzungsbedingungen voraus. Diese Nutzungsbedingungen k\u00f6nnen jederzeit ge\u00e4ndert oder erg\u00e4nzt werden, daher werden die Nutzer der Website gebeten, diese regelm\u00e4\u00dfig zu konsultieren. Diese Website ist normalerweise jederzeit f\u00fcr Nutzer zug\u00e4nglich. Eine Unterbrechung aus technischen Wartungsgr\u00fcnden kann jedoch von der Schweizer Kletterschule La D\u00f4le beschlossen werden, die sich dann bem\u00fchen wird, die Nutzer im Voraus \u00fcber die Daten und Zeiten des Eingriffs zu informieren. Die Website wird regelm\u00e4\u00dfig aktualisiert. Ebenso k\u00f6nnen die rechtlichen Hinweise jederzeit ge\u00e4ndert werden: Sie sind jedoch f\u00fcr den Nutzer verbindlich, der gebeten wird, sie so oft wie m\u00f6glich zu konsultieren, um sich \u00fcber deren Inhalt zu informieren.     <\/p><ol start=\"3\"><li>BESCHREIBUNG DER ERBRACHTEN DIENSTE<\/li><\/ol><p>Die Website <a href=\"http:\/\/www.progression-dole.ch\">www.progression-dole.ch<\/a> dient der Bereitstellung von Informationen \u00fcber alle Aktivit\u00e4ten der Schweizer Kletterschule La D\u00f4le und bem\u00fcht sich, auf der Website m\u00f6glichst genaue Informationen bereitzustellen. Sie kann jedoch nicht f\u00fcr Auslassungen, Ungenauigkeiten und M\u00e4ngel bei der Aktualisierung verantwortlich gemacht werden, sei es durch eigene Schuld oder durch die Schuld von Drittpartnern, die ihr diese Informationen liefern. Alle auf der Website angegebenen Informationen dienen nur zu Informationszwecken und k\u00f6nnen sich \u00e4ndern. Dar\u00fcber hinaus sind die auf der Website enthaltenen Informationen nicht vollst\u00e4ndig. Sie werden unter dem Vorbehalt von \u00c4nderungen gegeben, die seit ihrer Online-Stellung vorgenommen wurden.    <\/p><ol start=\"4\"><li>VERTRAGLICHE BESCHR\u00c4NKUNGEN BEZ\u00dcGLICH TECHNISCHER DATEN<\/li><\/ol><p>Die Website kann nicht f\u00fcr materielle Sch\u00e4den haftbar gemacht werden, die durch ihre Nutzung entstehen. Dar\u00fcber hinaus verpflichtet sich der Nutzer der Website, auf die Website mit aktueller, virenfreier Hardware und einem aktualisierten Browser der neuesten Generation zuzugreifen. <\/p><ol start=\"5\"><li>GEISTIGES EIGENTUM UND F\u00c4LSCHUNGEN<\/li><\/ol><p>Die Schweizer Kletterschule La D\u00f4le ist Inhaberin der geistigen Eigentumsrechte oder besitzt die Nutzungsrechte an allen auf der Website zug\u00e4nglichen Elementen, insbesondere Texten, Bildern, Grafiken, Logos, Icons, Sounds, Software. Jede Reproduktion, Darstellung, \u00c4nderung, Ver\u00f6ffentlichung, Anpassung aller oder eines Teils der Elemente der Website, unabh\u00e4ngig vom verwendeten Mittel oder Verfahren, ist ohne vorherige schriftliche Genehmigung der Schweizer Kletterschule La D\u00f4le untersagt. <\/p><ol start=\"6\"><li>HAFTUNGSBESCHR\u00c4NKUNGEN.<\/li><\/ol><p>Die Schweizer Kletterschule La D\u00f4le kann nicht f\u00fcr direkte und indirekte Sch\u00e4den haftbar gemacht werden, die am Material des Nutzers beim Zugriff auf die Website <a href=\"http:\/\/www.progression-dole.ch\">www.progression-dole.ch<\/a> entstehen und entweder aus der Verwendung von Material resultieren, das nicht den unter Punkt 4 angegebenen Spezifikationen entspricht, oder aus dem Auftreten eines Bugs oder einer Inkompatibilit\u00e4t. Die Schweizer Kletterschule La D\u00f4le kann auch nicht f\u00fcr indirekte Sch\u00e4den (wie z. B. einen Marktverlust oder den Verlust einer Chance) haftbar gemacht werden, die sich aus der Nutzung der Website ergeben. <\/p><ol start=\"7\"><li>VERWALTUNG PERSONENBEZOGENER DATEN.<\/li><\/ol><p>Bei der Nutzung der Website <a href=\"http:\/\/www.progression-dole.ch\">www.progression-dole.ch<\/a> k\u00f6nnen folgende Daten erhoben werden: die URL der Links, \u00fcber die der Nutzer auf die Website zugegriffen hat, der Internetanbieter des Nutzers, die Internetprotokolladresse (IP) des Nutzers. In jedem Fall erhebt die Schweizer Kletterschule La D\u00f4le personenbezogene Daten des Nutzers nur f\u00fcr den Bedarf bestimmter auf der Website angebotener Dienste. Der Nutzer stellt diese Informationen wissentlich zur Verf\u00fcgung, insbesondere wenn er sie selbst eingibt. Dem Nutzer der Website wird dann mitgeteilt, ob die Bereitstellung dieser Informationen obligatorisch ist oder nicht. Keine pers\u00f6nlichen Informationen des Nutzers der Website werden ohne dessen Wissen ver\u00f6ffentlicht, ausgetauscht, \u00fcbertragen, abgetreten oder auf irgendeinem Medium an Dritte verkauft. Nur im Falle des Erwerbs der Schweizer Kletterschule La D\u00f4le und ihrer Rechte w\u00e4re die \u00dcbermittlung dieser Informationen an den potenziellen K\u00e4ufer zul\u00e4ssig, der seinerseits derselben Verpflichtung zur Aufbewahrung und \u00c4nderung der Daten gegen\u00fcber dem Nutzer der Website unterliegen w\u00fcrde.     <\/p><ol start=\"8\"><li>HYPERLINKS UND COOKIES.<\/li><\/ol><p>Die Website <a href=\"http:\/\/www.progression-dole.ch\">www.progression-dole.ch<\/a> enth\u00e4lt eine Reihe von Hyperlinks zu anderen Websites. Die Schweizer Kletterschule La D\u00f4le hat jedoch keine M\u00f6glichkeit, den Inhalt der so besuchten Websites zu \u00fcberpr\u00fcfen und \u00fcbernimmt folglich keine Verantwortung daf\u00fcr. Die Navigation auf der Website kann zur Installation von Cookie(s) auf dem Computer des Nutzers f\u00fchren. Ein Cookie ist eine kleine Datei, die keine Identifizierung des Nutzers erm\u00f6glicht, aber Informationen \u00fcber die Navigation eines Computers auf einer Website speichert. Die so erhaltenen Daten sollen die sp\u00e4tere Navigation auf der Website erleichtern und dienen auch dazu, verschiedene Besucherfrequenzmessungen zu erm\u00f6glichen. Die Ablehnung der Installation eines Cookies kann dazu f\u00fchren, dass bestimmte Dienste nicht zug\u00e4nglich sind. Der Nutzer kann seinen Computer jedoch wie folgt konfigurieren, um die Installation von Cookies abzulehnen: Unter Internet Explorer: Registerkarte \u201eExtras\u201c \/ \u201eInternetoptionen\u201c. Klicken Sie auf \u201eDatenschutz\u201c und w\u00e4hlen Sie \u201eAlle Cookies blockieren\u201c. Best\u00e4tigen Sie mit \u201eOk\u201c. Unter Mozilla Firefox: Firefox-Men\u00fc, dann \u201eEinstellungen\u201c. Registerkarte \u201eDatenschutz &amp; Sicherheit\u201c. W\u00e4hlen Sie unter \u201eChronik\u201c die Option \u201eBenutzerdefinierte Einstellungen f\u00fcr die Chronik verwenden\u201c und deaktivieren Sie dann \u201eCookies akzeptieren\u201c. Best\u00e4tigen Sie mit \u201eOk\u201c. Unter Google Chrome: Chrome-Men\u00fc, dann \u201eEinstellungen\u201c. Registerkarte \u201eErweitert\u201c und dann \u201eInhaltseinstellungen\u201c. Unter \u201eCookies\u201c aktivieren Sie \u201eAllen Websites das Speichern von Daten verbieten\u201c. Best\u00e4tigen Sie mit \u201eOk\u201c. Unter Safari: Safari-Men\u00fc, dann \u201eEinstellungen\u201c. Registerkarte \u201eDatenschutz\u201c, aktivieren Sie \u201eImmer\u201c unter \u201eCookies blockieren\u201c. Best\u00e4tigen Sie mit \u201eOk\u201c.                   <\/p><ol start=\"9\"><li>ANWENDBARES RECHT UND ZUST\u00c4NDIGE GERICHTE.<\/li><\/ol><p>F\u00fcr diese Website gilt Schweizer Recht gem\u00e4\u00df den oben genannten Nutzungsbedingungen. Im Falle eines Rechtsstreits ist der Gerichtsstand das Bezirksgericht La C\u00f4te in der Schweiz. <\/p><p><\/p>\t\t\t\t\t\t\t\t<\/div>\n\t\t\t\t<\/div>\n\t\t\t\t\t<\/div>\n\t\t\t\t<\/div>\n\t\t\t\t<\/div>\n\t\t","protected":false},"excerpt":{"rendered":"<p>Schweizer Kletterschule Impressum Schweizer Kletterschule La D\u00f4le VORSTELLUNG DER WEBSITE Den Nutzern der Website www.progression-dole.ch wird die Identit\u00e4t der verschiedenen an ihrer Erstellung und Betreuung beteiligten Parteien mitgeteilt: Inhaber: Schweizer Kletterschule La D\u00f4le Postfach 252 La Bouriaz 1265 La Cure Schweiz Tel.: +41 (0)22 360 02 60 info@progression-dole.ch Ersteller: Flash Design Hoster: Swiss Center ALLGEMEINE [&hellip;]<\/p>\n","protected":false},"author":1,"featured_media":0,"parent":0,"menu_order":0,"comment_status":"closed","ping_status":"closed","template":"","meta":{"_acf_changed":false,"footnotes":""},"class_list":["post-15691","page","type-page","status-publish","hentry"],"acf":[],"yoast_head":"<!-- This site is optimized with the Yoast SEO plugin v27.3 - https:\/\/yoast.com\/product\/yoast-seo-wordpress\/ -->\n<title>Impressum | Progression Dole<\/title>\n<meta name=\"description\" content=\"Hier finden Sie das Impressum der Webseite Progression D\u00f4le: Herausgeber, Hoster, Haftung und Rechte am geistigen Eigentum.\" \/>\n<meta name=\"robots\" content=\"index, follow, max-snippet:-1, max-image-preview:large, max-video-preview:-1\" \/>\n<link rel=\"canonical\" href=\"https:\/\/progression-dole.ch\/de\/impressum\/\" \/>\n<meta property=\"og:locale\" content=\"de_DE\" \/>\n<meta property=\"og:type\" content=\"article\" \/>\n<meta property=\"og:title\" content=\"Impressum | Progression Dole\" \/>\n<meta property=\"og:description\" content=\"Hier finden Sie das Impressum der Webseite Progression D\u00f4le: Herausgeber, Hoster, Haftung und Rechte am geistigen Eigentum.\" \/>\n<meta property=\"og:url\" content=\"https:\/\/progression-dole.ch\/de\/impressum\/\" \/>\n<meta property=\"og:site_name\" content=\"Progression Dole\" \/>\n<meta property=\"article:publisher\" content=\"https:\/\/www.facebook.com\/guideslacote\" \/>\n<meta property=\"article:modified_time\" content=\"2026-03-09T17:00:57+00:00\" \/>\n<meta property=\"og:image\" content=\"https:\/\/progression-dole.ch\/wp-content\/uploads\/2025\/09\/logo.jpg\" \/>\n\t<meta property=\"og:image:width\" content=\"900\" \/>\n\t<meta property=\"og:image:height\" content=\"900\" \/>\n\t<meta property=\"og:image:type\" content=\"image\/jpeg\" \/>\n<meta name=\"twitter:card\" content=\"summary_large_image\" \/>\n<meta name=\"twitter:label1\" content=\"Gesch\u00e4tzte Lesezeit\" \/>\n\t<meta name=\"twitter:data1\" content=\"5\u00a0Minute\" \/>\n<script type=\"application\/ld+json\" class=\"yoast-schema-graph\">{\"@context\":\"https:\\\/\\\/schema.org\",\"@graph\":[{\"@type\":\"WebPage\",\"@id\":\"https:\\\/\\\/progression-dole.ch\\\/de\\\/impressum\\\/\",\"url\":\"https:\\\/\\\/progression-dole.ch\\\/de\\\/impressum\\\/\",\"name\":\"Impressum | Progression Dole\",\"isPartOf\":{\"@id\":\"https:\\\/\\\/progression-dole.ch\\\/de\\\/#website\"},\"datePublished\":\"2025-12-08T08:39:51+00:00\",\"dateModified\":\"2026-03-09T17:00:57+00:00\",\"description\":\"Hier finden Sie das Impressum der Webseite Progression D\u00f4le: Herausgeber, Hoster, Haftung und Rechte am geistigen Eigentum.\",\"breadcrumb\":{\"@id\":\"https:\\\/\\\/progression-dole.ch\\\/de\\\/impressum\\\/#breadcrumb\"},\"inLanguage\":\"de\",\"potentialAction\":[{\"@type\":\"ReadAction\",\"target\":[\"https:\\\/\\\/progression-dole.ch\\\/de\\\/impressum\\\/\"]}]},{\"@type\":\"BreadcrumbList\",\"@id\":\"https:\\\/\\\/progression-dole.ch\\\/de\\\/impressum\\\/#breadcrumb\",\"itemListElement\":[{\"@type\":\"ListItem\",\"position\":1,\"name\":\"Home\",\"item\":\"https:\\\/\\\/progression-dole.ch\\\/de\\\/startseite\\\/\"},{\"@type\":\"ListItem\",\"position\":2,\"name\":\"Impressum\"}]},{\"@type\":\"WebSite\",\"@id\":\"https:\\\/\\\/progression-dole.ch\\\/de\\\/#website\",\"url\":\"https:\\\/\\\/progression-dole.ch\\\/de\\\/\",\"name\":\"Ecole suisse d\u2019escalade\",\"description\":\"\",\"potentialAction\":[{\"@type\":\"SearchAction\",\"target\":{\"@type\":\"EntryPoint\",\"urlTemplate\":\"https:\\\/\\\/progression-dole.ch\\\/de\\\/?s={search_term_string}\"},\"query-input\":{\"@type\":\"PropertyValueSpecification\",\"valueRequired\":true,\"valueName\":\"search_term_string\"}}],\"inLanguage\":\"de\"}]}<\/script>\n<!-- \/ Yoast SEO plugin. -->","yoast_head_json":{"title":"Impressum | Progression Dole","description":"Hier finden Sie das Impressum der Webseite Progression D\u00f4le: Herausgeber, Hoster, Haftung und Rechte am geistigen Eigentum.","robots":{"index":"index","follow":"follow","max-snippet":"max-snippet:-1","max-image-preview":"max-image-preview:large","max-video-preview":"max-video-preview:-1"},"canonical":"https:\/\/progression-dole.ch\/de\/impressum\/","og_locale":"de_DE","og_type":"article","og_title":"Impressum | Progression Dole","og_description":"Hier finden Sie das Impressum der Webseite Progression D\u00f4le: Herausgeber, Hoster, Haftung und Rechte am geistigen Eigentum.","og_url":"https:\/\/progression-dole.ch\/de\/impressum\/","og_site_name":"Progression Dole","article_publisher":"https:\/\/www.facebook.com\/guideslacote","article_modified_time":"2026-03-09T17:00:57+00:00","og_image":[{"width":900,"height":900,"url":"https:\/\/progression-dole.ch\/wp-content\/uploads\/2025\/09\/logo.jpg","type":"image\/jpeg"}],"twitter_card":"summary_large_image","twitter_misc":{"Gesch\u00e4tzte Lesezeit":"5\u00a0Minute"},"schema":{"@context":"https:\/\/schema.org","@graph":[{"@type":"WebPage","@id":"https:\/\/progression-dole.ch\/de\/impressum\/","url":"https:\/\/progression-dole.ch\/de\/impressum\/","name":"Impressum | Progression Dole","isPartOf":{"@id":"https:\/\/progression-dole.ch\/de\/#website"},"datePublished":"2025-12-08T08:39:51+00:00","dateModified":"2026-03-09T17:00:57+00:00","description":"Hier finden Sie das Impressum der Webseite Progression D\u00f4le: Herausgeber, Hoster, Haftung und Rechte am geistigen Eigentum.","breadcrumb":{"@id":"https:\/\/progression-dole.ch\/de\/impressum\/#breadcrumb"},"inLanguage":"de","potentialAction":[{"@type":"ReadAction","target":["https:\/\/progression-dole.ch\/de\/impressum\/"]}]},{"@type":"BreadcrumbList","@id":"https:\/\/progression-dole.ch\/de\/impressum\/#breadcrumb","itemListElement":[{"@type":"ListItem","position":1,"name":"Home","item":"https:\/\/progression-dole.ch\/de\/startseite\/"},{"@type":"ListItem","position":2,"name":"Impressum"}]},{"@type":"WebSite","@id":"https:\/\/progression-dole.ch\/de\/#website","url":"https:\/\/progression-dole.ch\/de\/","name":"Ecole suisse d\u2019escalade","description":"","potentialAction":[{"@type":"SearchAction","target":{"@type":"EntryPoint","urlTemplate":"https:\/\/progression-dole.ch\/de\/?s={search_term_string}"},"query-input":{"@type":"PropertyValueSpecification","valueRequired":true,"valueName":"search_term_string"}}],"inLanguage":"de"}]}},"_links":{"self":[{"href":"https:\/\/progression-dole.ch\/de\/wp-json\/wp\/v2\/pages\/15691","targetHints":{"allow":["GET"]}}],"collection":[{"href":"https:\/\/progression-dole.ch\/de\/wp-json\/wp\/v2\/pages"}],"about":[{"href":"https:\/\/progression-dole.ch\/de\/wp-json\/wp\/v2\/types\/page"}],"author":[{"embeddable":true,"href":"https:\/\/progression-dole.ch\/de\/wp-json\/wp\/v2\/users\/1"}],"replies":[{"embeddable":true,"href":"https:\/\/progression-dole.ch\/de\/wp-json\/wp\/v2\/comments?post=15691"}],"version-history":[{"count":2,"href":"https:\/\/progression-dole.ch\/de\/wp-json\/wp\/v2\/pages\/15691\/revisions"}],"predecessor-version":[{"id":40768,"href":"https:\/\/progression-dole.ch\/de\/wp-json\/wp\/v2\/pages\/15691\/revisions\/40768"}],"wp:attachment":[{"href":"https:\/\/progression-dole.ch\/de\/wp-json\/wp\/v2\/media?parent=15691"}],"curies":[{"name":"wp","href":"https:\/\/api.w.org\/{rel}","templated":true}]}}